{"id":12544,"date":"2014-09-22T19:43:05","date_gmt":"2014-09-22T19:43:05","guid":{"rendered":"http:\/\/borisinjac.fatcow.com\/DEMO\/joriktrupa\/film-2\/"},"modified":"2014-10-06T22:20:46","modified_gmt":"2014-10-06T22:20:46","slug":"cinema","status":"publish","type":"page","link":"https:\/\/joriktrupa.org\/fr\/cinema\/","title":{"rendered":"CIN\u00c9MA"},"content":{"rendered":"[spb_row wrap_type=&#8221;content-width&#8221; row_bg_type=&#8221;image&#8221; bg_image=&#8221;13735&#8243; bg_type=&#8221;pattern&#8221; parallax_image_height=&#8221;content-height&#8221; parallax_image_movement=&#8221;fixed&#8221; parallax_image_speed=&#8221;0.5&#8243; parallax_video_height=&#8221;window-height&#8221; parallax_video_overlay=&#8221;diagdark&#8221; row_overlay_opacity=&#8221;40&#8243; row_padding_vertical=&#8221;0&#8243; row_margin_vertical=&#8221;0&#8243; remove_element_spacing=&#8221;yes&#8221; vertical_center=&#8221;true&#8221; row_id=&#8221;film&#8221; row_name=&#8221;FILM&#8221; width=&#8221;1\/1&#8243; el_position=&#8221;first last&#8221;] [spb_blank_spacer height=&#8221;60px&#8221; width=&#8221;1\/1&#8243; el_position=&#8221;first last&#8221;] [spb_boxed_content type=&#8221;coloured&#8221; padding_vertical=&#8221;0&#8243; padding_horizontal=&#8221;0&#8243; width=&#8221;1\/1&#8243; el_position=&#8221;first last&#8221;]\n<h1 style=\"text-align: center;\"><span style=\"color: #ffffff;\">CIN\u00c9MA<\/span><\/h1>\n[\/spb_boxed_content] [spb_boxed_content type=&#8221;coloured&#8221; custom_text_colour=&#8221;#ffffff&#8221; padding_vertical=&#8221;6&#8243; padding_horizontal=&#8221;0&#8243; width=&#8221;1\/1&#8243; el_position=&#8221;first last&#8221;]\n<p>Bienvenue au monde cin\u00e9matographique de Yorick! Nous sommes pr\u00eats \u00e0 accueillir collaboration et bonnes id\u00e9es et invitons tous ceux qui le d\u00e9sirent \u00e0 laisser leurs id\u00e9es, synopsis, sc\u00e9narios de documentaires et de courts ou longs m\u00e9trages \u00e0 notre adresse \u00e9lectronique. Nous tiendrons compte de tous les synopsis, id\u00e9es et sc\u00e9narios et prendrons contact avec les auteurs. Nous ajoutons que la troupe respecte tous les droits d\u2019auteur qui sont \u00e9tablis par contrat au pr\u00e9alable.Salutations!<\/p>\n[\/spb_boxed_content] [spb_portfolio display_type=&#8221;masonry-gallery&#8221; multi_size_ratio=&#8221;1\/1&#8243; fullwidth=&#8221;no&#8221; gutters=&#8221;yes&#8221; columns=&#8221;5&#8243; show_title=&#8221;yes&#8221; show_subtitle=&#8221;yes&#8221; show_excerpt=&#8221;yes&#8221; hover_show_excerpt=&#8221;yes&#8221; excerpt_length=&#8221;20&#8243; item_count=&#8221;50&#8243; category=&#8221;port-cinema-fr&#8221; order=&#8221;standard&#8221; portfolio_filter=&#8221;no&#8221; pagination=&#8221;no&#8221; button_enabled=&#8221;yes&#8221; width=&#8221;1\/1&#8243; el_position=&#8221;first last&#8221;] [\/spb_row]\n","protected":false},"excerpt":{"rendered":"<p>[spb_row wrap_type=&#8221;content-width&#8221; row_bg_type=&#8221;image&#8221; bg_image=&#8221;13735&#8243; bg_type=&#8221;pattern&#8221; parallax_image_height=&#8221;content-height&#8221; parallax_image_movement=&#8221;fixed&#8221; parallax_image_speed=&#8221;0.5&#8243; parallax_video_height=&#8221;window-height&#8221; parallax_video_overlay=&#8221;diagdark&#8221; row_overlay_opacity=&#8221;40&#8243; row_padding_vertical=&#8221;0&#8243; row_margin_vertical=&#8221;0&#8243; remove_element_spacing=&#8221;yes&#8221; vertical_center=&#8221;true&#8221; row_id=&#8221;film&#8221; row_name=&#8221;FILM&#8221; width=&#8221;1\/1&#8243; el_position=&#8221;first last&#8221;] [spb_blank_spacer height=&#8221;60px&#8221; width=&#8221;1\/1&#8243; el_position=&#8221;first last&#8221;] [spb_boxed_content type=&#8221;coloured&#8221; padding_vertical=&#8221;0&#8243; padding_horizontal=&#8221;0&#8243; width=&#8221;1\/1&#8243; el_position=&#8221;first last&#8221;] CIN\u00c9MA [\/spb_boxed_content] [spb_boxed_content type=&#8221;coloured&#8221; custom_text_colour=&#8221;#ffffff&#8221; padding_vertical=&#8221;6&#8243; padding_horizontal=&#8221;0&#8243; width=&#8221;1\/1&#8243; el_position=&#8221;first last&#8221;] Bienvenue au monde cin\u00e9matographique de Yorick! Nous sommes pr\u00eats \u00e0 accueillir collaboration et bonnes id\u00e9es et invitons tous [&hellip;]<\/p>\n","protected":false},"author":4,"featured_media":0,"parent":0,"menu_order":17,"comment_status":"closed","ping_status":"closed","template":"","meta":{"footnotes":""},"class_list":["post-12544","page","type-page","status-publish","hentry"],"_links":{"self":[{"href":"https:\/\/joriktrupa.org\/fr\/wp-json\/wp\/v2\/pages\/12544","targetHints":{"allow":["GET"]}}],"collection":[{"href":"https:\/\/joriktrupa.org\/fr\/wp-json\/wp\/v2\/pages"}],"about":[{"href":"https:\/\/joriktrupa.org\/fr\/wp-json\/wp\/v2\/types\/page"}],"author":[{"embeddable":true,"href":"https:\/\/joriktrupa.org\/fr\/wp-json\/wp\/v2\/users\/4"}],"replies":[{"embeddable":true,"href":"https:\/\/joriktrupa.org\/fr\/wp-json\/wp\/v2\/comments?post=12544"}],"version-history":[{"count":0,"href":"https:\/\/joriktrupa.org\/fr\/wp-json\/wp\/v2\/pages\/12544\/revisions"}],"wp:attachment":[{"href":"https:\/\/joriktrupa.org\/fr\/wp-json\/wp\/v2\/media?parent=12544"}],"curies":[{"name":"wp","href":"https:\/\/api.w.org\/{rel}","templated":true}]}}